{"id":1992,"date":"2024-12-20T16:20:05","date_gmt":"2024-12-20T15:20:05","guid":{"rendered":"https:\/\/shaikhaabaya.com\/product\/hochwertige-osmanische-abaya-in-der-farbe-schwarz\/"},"modified":"2025-04-27T11:35:26","modified_gmt":"2025-04-27T10:35:26","slug":"hochwertige-osmanische-abaya-in-der-farbe-schwarz","status":"publish","type":"product","link":"https:\/\/shaikhaabaya.com\/ar\/product\/hochwertige-osmanische-abaya-in-der-farbe-schwarz\/","title":{"rendered":"Hochwertige Osmanische Abaya in der Farbe Schwarz"},"content":{"rendered":"<p>Hochwertige Osmanische Abaya in der Farbe Schwarz. \u00c4hnelt einem ausgefallenen Blazer Kleid mit wundersch\u00f6ner bestrickung in Beige auch das passende Kopftuch geh\u00f6rt zur Abaya.<\/p>\n<p>A high-quality Ottoman-style Abaya in black, resembling an elegant blazer dress with beautiful beige embroidery, including a matching headscarf.<\/p>","protected":false},"excerpt":{"rendered":"<p>Hochwertige Osmanische Abaya in der Farbe Schwarz. \u00c4hnelt einem ausgefallenen Blazer Kleid mit wundersch\u00f6ner bestrickung in Beige auch das passende Kopftuch geh\u00f6rt zur Abaya. A high-quality Ottoman-style Abaya in black, resembling an elegant blazer dress with beautiful beige embroidery, including a matching headscarf.<\/p>","protected":false},"featured_media":1988,"comment_status":"open","ping_status":"closed","template":"","meta":{"_gspb_post_css":""},"product_brand":[],"product_cat":[35],"product_tag":[104,103],"class_list":{"0":"post-1992","1":"product","2":"type-product","3":"status-publish","4":"has-post-thumbnail","6":"product_cat-klassische-abayas","7":"product_tag-bestickte-abaya","8":"product_tag-osmanisch","10":"first","11":"outofstock","12":"taxable","13":"shipping-taxable","14":"purchasable","15":"product-type-variable"},"ct_brands":[],"jetpack_sharing_enabled":true,"_links":{"self":[{"href":"https:\/\/shaikhaabaya.com\/ar\/wp-json\/wp\/v2\/product\/1992","targetHints":{"allow":["GET"]}}],"collection":[{"href":"https:\/\/shaikhaabaya.com\/ar\/wp-json\/wp\/v2\/product"}],"about":[{"href":"https:\/\/shaikhaabaya.com\/ar\/wp-json\/wp\/v2\/types\/product"}],"replies":[{"embeddable":true,"href":"https:\/\/shaikhaabaya.com\/ar\/wp-json\/wp\/v2\/comments?post=1992"}],"wp:featuredmedia":[{"embeddable":true,"href":"https:\/\/shaikhaabaya.com\/ar\/wp-json\/wp\/v2\/media\/1988"}],"wp:attachment":[{"href":"https:\/\/shaikhaabaya.com\/ar\/wp-json\/wp\/v2\/media?parent=1992"}],"wp:term":[{"taxonomy":"product_brand","embeddable":true,"href":"https:\/\/shaikhaabaya.com\/ar\/wp-json\/wp\/v2\/product_brand?post=1992"},{"taxonomy":"product_cat","embeddable":true,"href":"https:\/\/shaikhaabaya.com\/ar\/wp-json\/wp\/v2\/product_cat?post=1992"},{"taxonomy":"product_tag","embeddable":true,"href":"https:\/\/shaikhaabaya.com\/ar\/wp-json\/wp\/v2\/product_tag?post=1992"}],"curies":[{"name":"wp","href":"https:\/\/api.w.org\/{rel}","templated":true}]}}