{"id":1980,"date":"2024-12-20T10:24:00","date_gmt":"2024-12-20T09:24:00","guid":{"rendered":"https:\/\/shaikhaabaya.com\/?post_type=product&#038;p=1980"},"modified":"2025-04-27T11:35:26","modified_gmt":"2025-04-27T10:35:26","slug":"winterlicher-schwarzer-velous-mantel","status":"publish","type":"product","link":"https:\/\/shaikhaabaya.com\/ar\/product\/winterlicher-schwarzer-velous-mantel\/","title":{"rendered":"Winterlicher Schwarzer Velous Mantel"},"content":{"rendered":"<p>Winterlicher Schwarzer Velous Mantel<\/p>\n<p>Passend f\u00fcr Besondere Anl\u00e4sse zum \u00dcberziehen<\/p>\n<p>Leder &amp; Fell Details an den \u00c4rmeln<\/p>\n<p>Material: 100% Velousleder<\/p>\n<p>2-teiliges Set: Abaya &amp; Kopftuch<\/p>\n<p>Suitable for special occasions, with leather &amp; fur details on the sleeves. Material: 100% Velous leather. Includes a 2-piece set: Abaya &amp; headscarf.<\/p>","protected":false},"excerpt":{"rendered":"<p>Winterlicher Schwarzer Velous Mantel Passend f\u00fcr Besondere Anl\u00e4sse zum \u00dcberziehen Leder &amp; Fell Details an den \u00c4rmeln Material: 100% Velousleder 2-teiliges Set: Abaya &amp; Kopftuch Suitable for special occasions, with leather &amp; fur details on the sleeves. Material: 100% Velous leather. Includes a 2-piece set: Abaya &amp; headscarf.<\/p>","protected":false},"featured_media":1974,"comment_status":"open","ping_status":"closed","template":"","meta":{"_gspb_post_css":""},"product_brand":[],"product_cat":[88],"product_tag":[106,105],"class_list":{"0":"post-1980","1":"product","2":"type-product","3":"status-publish","4":"has-post-thumbnail","6":"product_cat-premium-samt-abayas","7":"product_tag-samt-leder-details","8":"product_tag-winter-abaya","10":"first","11":"outofstock","12":"taxable","13":"shipping-taxable","14":"purchasable","15":"product-type-variable"},"ct_brands":[],"jetpack_sharing_enabled":true,"_links":{"self":[{"href":"https:\/\/shaikhaabaya.com\/ar\/wp-json\/wp\/v2\/product\/1980","targetHints":{"allow":["GET"]}}],"collection":[{"href":"https:\/\/shaikhaabaya.com\/ar\/wp-json\/wp\/v2\/product"}],"about":[{"href":"https:\/\/shaikhaabaya.com\/ar\/wp-json\/wp\/v2\/types\/product"}],"replies":[{"embeddable":true,"href":"https:\/\/shaikhaabaya.com\/ar\/wp-json\/wp\/v2\/comments?post=1980"}],"wp:featuredmedia":[{"embeddable":true,"href":"https:\/\/shaikhaabaya.com\/ar\/wp-json\/wp\/v2\/media\/1974"}],"wp:attachment":[{"href":"https:\/\/shaikhaabaya.com\/ar\/wp-json\/wp\/v2\/media?parent=1980"}],"wp:term":[{"taxonomy":"product_brand","embeddable":true,"href":"https:\/\/shaikhaabaya.com\/ar\/wp-json\/wp\/v2\/product_brand?post=1980"},{"taxonomy":"product_cat","embeddable":true,"href":"https:\/\/shaikhaabaya.com\/ar\/wp-json\/wp\/v2\/product_cat?post=1980"},{"taxonomy":"product_tag","embeddable":true,"href":"https:\/\/shaikhaabaya.com\/ar\/wp-json\/wp\/v2\/product_tag?post=1980"}],"curies":[{"name":"wp","href":"https:\/\/api.w.org\/{rel}","templated":true}]}}