{"id":1787,"date":"2024-11-30T12:27:23","date_gmt":"2024-11-30T11:27:23","guid":{"rendered":"https:\/\/shaikhaabaya.com\/?post_type=product&#038;p=1787"},"modified":"2025-04-27T11:35:26","modified_gmt":"2025-04-27T10:35:26","slug":"klassische-krepp-abaya-2","status":"publish","type":"product","link":"https:\/\/shaikhaabaya.com\/ar\/product\/klassische-krepp-abaya-2\/","title":{"rendered":"Klassische Krepp Abaya"},"content":{"rendered":"<p>Schwarze edle Abaya in schwarz mit Bl\u00fctenartiger Bearbeitung in der Farbe Gr\u00fcn, dazu geh\u00f6rt in Kombination das passende Kopftuch.<\/p>\n<p>Material: 100% koreanischer Royal Krepp<\/p>","protected":false},"excerpt":{"rendered":"<p>Schwarze edle Abaya in schwarz mit Bl\u00fctenartiger Bearbeitung in der Farbe Gr\u00fcn, dazu geh\u00f6rt in Kombination das passende Kopftuch. Material: 100% koreanischer Royal Krepp<\/p>","protected":false},"featured_media":1786,"comment_status":"open","ping_status":"closed","template":"","meta":{"_gspb_post_css":""},"product_brand":[],"product_cat":[30],"product_tag":[],"class_list":{"0":"post-1787","1":"product","2":"type-product","3":"status-publish","4":"has-post-thumbnail","6":"product_cat-premium-krepp-abayas","8":"first","9":"outofstock","10":"taxable","11":"shipping-taxable","12":"purchasable","13":"product-type-variable"},"ct_brands":[],"jetpack_sharing_enabled":true,"_links":{"self":[{"href":"https:\/\/shaikhaabaya.com\/ar\/wp-json\/wp\/v2\/product\/1787","targetHints":{"allow":["GET"]}}],"collection":[{"href":"https:\/\/shaikhaabaya.com\/ar\/wp-json\/wp\/v2\/product"}],"about":[{"href":"https:\/\/shaikhaabaya.com\/ar\/wp-json\/wp\/v2\/types\/product"}],"replies":[{"embeddable":true,"href":"https:\/\/shaikhaabaya.com\/ar\/wp-json\/wp\/v2\/comments?post=1787"}],"wp:featuredmedia":[{"embeddable":true,"href":"https:\/\/shaikhaabaya.com\/ar\/wp-json\/wp\/v2\/media\/1786"}],"wp:attachment":[{"href":"https:\/\/shaikhaabaya.com\/ar\/wp-json\/wp\/v2\/media?parent=1787"}],"wp:term":[{"taxonomy":"product_brand","embeddable":true,"href":"https:\/\/shaikhaabaya.com\/ar\/wp-json\/wp\/v2\/product_brand?post=1787"},{"taxonomy":"product_cat","embeddable":true,"href":"https:\/\/shaikhaabaya.com\/ar\/wp-json\/wp\/v2\/product_cat?post=1787"},{"taxonomy":"product_tag","embeddable":true,"href":"https:\/\/shaikhaabaya.com\/ar\/wp-json\/wp\/v2\/product_tag?post=1787"}],"curies":[{"name":"wp","href":"https:\/\/api.w.org\/{rel}","templated":true}]}}