{"id":1666,"date":"2024-11-28T21:51:23","date_gmt":"2024-11-28T20:51:23","guid":{"rendered":"https:\/\/shaikhaabaya.com\/?post_type=product&#038;p=1666"},"modified":"2025-04-27T11:35:26","modified_gmt":"2025-04-27T10:35:26","slug":"luxuriose-braune-internet-krepp-abaya-mit-zarten-goldakzenten","status":"publish","type":"product","link":"https:\/\/shaikhaabaya.com\/ar\/product\/luxuriose-braune-internet-krepp-abaya-mit-zarten-goldakzenten\/","title":{"rendered":"Luxuri\u00f6se braune Internet Krepp-Abaya mit zarten Goldakzenten"},"content":{"rendered":"<p>Die Abaya besteht aus 100 % hochwertigem koreanischem Internet Kreppstoff und wird als zweiteiliges Set geliefert, bestehend aus der Abaya und einem passenden Schal. Die dezenten Goldakzente entlang der \u00c4rmel und des Saums verleihen ihr eine elegante und moderne Ausstrahlung. Perfekt f\u00fcr besondere Anl\u00e4sse oder stilvolle Abendveranstaltungen.<\/p>","protected":false},"excerpt":{"rendered":"<p>Die Abaya besteht aus 100 % hochwertigem koreanischem Internet Kreppstoff und wird als zweiteiliges Set geliefert, bestehend aus der Abaya und einem passenden Schal.<\/p>","protected":false},"featured_media":1673,"comment_status":"closed","ping_status":"closed","template":"","meta":{"_gspb_post_css":""},"product_brand":[],"product_cat":[30],"product_tag":[101,102],"class_list":{"0":"post-1666","1":"product","2":"type-product","3":"status-publish","4":"has-post-thumbnail","6":"product_cat-premium-krepp-abayas","7":"product_tag-internet-krepp-abaya","8":"product_tag-zarten-goldakzenten","10":"first","11":"outofstock","12":"taxable","13":"shipping-taxable","14":"purchasable","15":"product-type-variable"},"ct_brands":[],"jetpack_sharing_enabled":true,"_links":{"self":[{"href":"https:\/\/shaikhaabaya.com\/ar\/wp-json\/wp\/v2\/product\/1666","targetHints":{"allow":["GET"]}}],"collection":[{"href":"https:\/\/shaikhaabaya.com\/ar\/wp-json\/wp\/v2\/product"}],"about":[{"href":"https:\/\/shaikhaabaya.com\/ar\/wp-json\/wp\/v2\/types\/product"}],"replies":[{"embeddable":true,"href":"https:\/\/shaikhaabaya.com\/ar\/wp-json\/wp\/v2\/comments?post=1666"}],"wp:featuredmedia":[{"embeddable":true,"href":"https:\/\/shaikhaabaya.com\/ar\/wp-json\/wp\/v2\/media\/1673"}],"wp:attachment":[{"href":"https:\/\/shaikhaabaya.com\/ar\/wp-json\/wp\/v2\/media?parent=1666"}],"wp:term":[{"taxonomy":"product_brand","embeddable":true,"href":"https:\/\/shaikhaabaya.com\/ar\/wp-json\/wp\/v2\/product_brand?post=1666"},{"taxonomy":"product_cat","embeddable":true,"href":"https:\/\/shaikhaabaya.com\/ar\/wp-json\/wp\/v2\/product_cat?post=1666"},{"taxonomy":"product_tag","embeddable":true,"href":"https:\/\/shaikhaabaya.com\/ar\/wp-json\/wp\/v2\/product_tag?post=1666"}],"curies":[{"name":"wp","href":"https:\/\/api.w.org\/{rel}","templated":true}]}}