{"id":1656,"date":"2024-11-28T21:36:08","date_gmt":"2024-11-28T20:36:08","guid":{"rendered":"https:\/\/shaikhaabaya.com\/?post_type=product&#038;p=1656"},"modified":"2025-06-27T19:37:44","modified_gmt":"2025-06-27T18:37:44","slug":"luxuriose-internet-krepp-abaya-in-graublau-mit-schimmernden-akzenten","status":"publish","type":"product","link":"https:\/\/shaikhaabaya.com\/ar\/product\/luxuriose-internet-krepp-abaya-in-graublau-mit-schimmernden-akzenten\/","title":{"rendered":"Luxuri\u00f6se Internet-Krepp-Abaya in Graublau mit schimmernden Akzenten"},"content":{"rendered":"<p>Diese elegante Abaya besteht aus 100 % hochwertigem koreanischen Internet-Kreppstoff und wird als zweiteiliges Set mit einem passenden Schal geliefert. Die glitzernden Details entlang der \u00c4rmel und des Designs verleihen dieser Abaya eine zeitlose Eleganz und machen sie zur perfekten Wahl f\u00fcr besondere Anl\u00e4sse.<\/p>","protected":false},"excerpt":{"rendered":"<p>Diese elegante Abaya besteht aus 100 % hochwertigem koreanischen Internet-Kreppstoff und wird als zweiteiliges Set mit einem passenden Schal geliefert.<\/p>","protected":false},"featured_media":1665,"comment_status":"closed","ping_status":"closed","template":"","meta":{"_gspb_post_css":""},"product_brand":[],"product_cat":[30],"product_tag":[],"class_list":{"0":"post-1656","1":"product","2":"type-product","3":"status-publish","4":"has-post-thumbnail","6":"product_cat-premium-krepp-abayas","8":"first","9":"outofstock","10":"taxable","11":"shipping-taxable","12":"purchasable","13":"product-type-variable"},"ct_brands":[],"jetpack_sharing_enabled":true,"_links":{"self":[{"href":"https:\/\/shaikhaabaya.com\/ar\/wp-json\/wp\/v2\/product\/1656","targetHints":{"allow":["GET"]}}],"collection":[{"href":"https:\/\/shaikhaabaya.com\/ar\/wp-json\/wp\/v2\/product"}],"about":[{"href":"https:\/\/shaikhaabaya.com\/ar\/wp-json\/wp\/v2\/types\/product"}],"replies":[{"embeddable":true,"href":"https:\/\/shaikhaabaya.com\/ar\/wp-json\/wp\/v2\/comments?post=1656"}],"wp:featuredmedia":[{"embeddable":true,"href":"https:\/\/shaikhaabaya.com\/ar\/wp-json\/wp\/v2\/media\/1665"}],"wp:attachment":[{"href":"https:\/\/shaikhaabaya.com\/ar\/wp-json\/wp\/v2\/media?parent=1656"}],"wp:term":[{"taxonomy":"product_brand","embeddable":true,"href":"https:\/\/shaikhaabaya.com\/ar\/wp-json\/wp\/v2\/product_brand?post=1656"},{"taxonomy":"product_cat","embeddable":true,"href":"https:\/\/shaikhaabaya.com\/ar\/wp-json\/wp\/v2\/product_cat?post=1656"},{"taxonomy":"product_tag","embeddable":true,"href":"https:\/\/shaikhaabaya.com\/ar\/wp-json\/wp\/v2\/product_tag?post=1656"}],"curies":[{"name":"wp","href":"https:\/\/api.w.org\/{rel}","templated":true}]}}