{"id":1628,"date":"2024-11-28T20:51:23","date_gmt":"2024-11-28T19:51:23","guid":{"rendered":"https:\/\/shaikhaabaya.com\/?post_type=product&#038;p=1628"},"modified":"2025-04-27T11:35:26","modified_gmt":"2025-04-27T10:35:26","slug":"konigliche-chiffon-abaya-in-himmelblau","status":"publish","type":"product","link":"https:\/\/shaikhaabaya.com\/ar\/product\/konigliche-chiffon-abaya-in-himmelblau\/","title":{"rendered":"K\u00f6nigliche Chiffon-Abaya in Himmelblau"},"content":{"rendered":"<p>Die k\u00f6nigliche Chiffon-Abaya in einem eleganten Himmelblau besteht aus 100 % hochwertigem koreanischen Chiffon und wird als zweiteiliges Set mit einem passenden Schal geliefert. Die glitzernden Akzente und der flie\u00dfende Stoff machen diese Abaya zu einer perfekten Wahl f\u00fcr elegante Anl\u00e4sse und besondere Momente.<\/p>","protected":false},"excerpt":{"rendered":"<p>Die k\u00f6nigliche Chiffon-Abaya in einem eleganten Himmelblau besteht aus 100 % hochwertigem koreanischen Chiffon und wird als zweiteiliges Set mit einem passenden Schal geliefert. Die glitzernden Akzente und der flie\u00dfende Stoff machen diese Abaya zu einer perfekten Wahl f\u00fcr elegante Anl\u00e4sse und besondere Momente.<\/p>","protected":false},"featured_media":1637,"comment_status":"closed","ping_status":"closed","template":"","meta":{"_gspb_post_css":""},"product_brand":[],"product_cat":[26],"product_tag":[96,95],"class_list":{"0":"post-1628","1":"product","2":"type-product","3":"status-publish","4":"has-post-thumbnail","6":"product_cat-luxus-chiffon-abayas","7":"product_tag-abaya-in-himmelblau","8":"product_tag-konigliche-chiffon-abaya","10":"first","11":"outofstock","12":"taxable","13":"shipping-taxable","14":"purchasable","15":"product-type-variable"},"ct_brands":[],"jetpack_sharing_enabled":true,"_links":{"self":[{"href":"https:\/\/shaikhaabaya.com\/ar\/wp-json\/wp\/v2\/product\/1628","targetHints":{"allow":["GET"]}}],"collection":[{"href":"https:\/\/shaikhaabaya.com\/ar\/wp-json\/wp\/v2\/product"}],"about":[{"href":"https:\/\/shaikhaabaya.com\/ar\/wp-json\/wp\/v2\/types\/product"}],"replies":[{"embeddable":true,"href":"https:\/\/shaikhaabaya.com\/ar\/wp-json\/wp\/v2\/comments?post=1628"}],"wp:featuredmedia":[{"embeddable":true,"href":"https:\/\/shaikhaabaya.com\/ar\/wp-json\/wp\/v2\/media\/1637"}],"wp:attachment":[{"href":"https:\/\/shaikhaabaya.com\/ar\/wp-json\/wp\/v2\/media?parent=1628"}],"wp:term":[{"taxonomy":"product_brand","embeddable":true,"href":"https:\/\/shaikhaabaya.com\/ar\/wp-json\/wp\/v2\/product_brand?post=1628"},{"taxonomy":"product_cat","embeddable":true,"href":"https:\/\/shaikhaabaya.com\/ar\/wp-json\/wp\/v2\/product_cat?post=1628"},{"taxonomy":"product_tag","embeddable":true,"href":"https:\/\/shaikhaabaya.com\/ar\/wp-json\/wp\/v2\/product_tag?post=1628"}],"curies":[{"name":"wp","href":"https:\/\/api.w.org\/{rel}","templated":true}]}}