{"id":1618,"date":"2024-11-28T20:27:50","date_gmt":"2024-11-28T19:27:50","guid":{"rendered":"https:\/\/shaikhaabaya.com\/?post_type=product&#038;p=1618"},"modified":"2025-04-27T11:35:26","modified_gmt":"2025-04-27T10:35:26","slug":"luxus-chiffon-abaya-in-lavendel-mit-glitzerakzenten","status":"publish","type":"product","link":"https:\/\/shaikhaabaya.com\/ar\/product\/luxus-chiffon-abaya-in-lavendel-mit-glitzerakzenten\/","title":{"rendered":"Luxus Krepp-Internet-Abaya in Lavendel mit Glitzerakzenten"},"content":{"rendered":"<p>Die Luxus Krepp-Internet-Abaya in einem eleganten Lavendelton besteht aus 100 % hochwertigem koreanischen Kreppstoff und wird als zweiteiliges Set mit einem passenden Schal geliefert. Die glitzernden Akzente und der flie\u00dfende Stoff machen diese Abaya zu einer perfekten Wahl f\u00fcr elegante Anl\u00e4sse und besondere Momente.<\/p>\n<p>&nbsp;<\/p>","protected":false},"excerpt":{"rendered":"<p>Die Luxus Krepp-Internet-Abaya in einem eleganten Lavendelton besteht aus 100 % hochwertigem koreanischen Kreppstoff und wird als zweiteiliges Set mit einem passenden Schal geliefert. Die glitzernden Akzente und der flie\u00dfende Stoff machen diese Abaya zu einer perfekten Wahl f\u00fcr elegante Anl\u00e4sse und besondere Momente.<\/p>\n<p>&nbsp;<\/p>","protected":false},"featured_media":1621,"comment_status":"closed","ping_status":"closed","template":"","meta":{"_gspb_post_css":""},"product_brand":[],"product_cat":[30],"product_tag":[98,97],"class_list":{"0":"post-1618","1":"product","2":"type-product","3":"status-publish","4":"has-post-thumbnail","6":"product_cat-premium-krepp-abayas","7":"product_tag-lavendel-mit-glitzerakzenten","8":"product_tag-luxus-krepp-internet-abaya","10":"first","11":"outofstock","12":"taxable","13":"shipping-taxable","14":"purchasable","15":"product-type-variable"},"ct_brands":[],"jetpack_sharing_enabled":true,"_links":{"self":[{"href":"https:\/\/shaikhaabaya.com\/ar\/wp-json\/wp\/v2\/product\/1618","targetHints":{"allow":["GET"]}}],"collection":[{"href":"https:\/\/shaikhaabaya.com\/ar\/wp-json\/wp\/v2\/product"}],"about":[{"href":"https:\/\/shaikhaabaya.com\/ar\/wp-json\/wp\/v2\/types\/product"}],"replies":[{"embeddable":true,"href":"https:\/\/shaikhaabaya.com\/ar\/wp-json\/wp\/v2\/comments?post=1618"}],"wp:featuredmedia":[{"embeddable":true,"href":"https:\/\/shaikhaabaya.com\/ar\/wp-json\/wp\/v2\/media\/1621"}],"wp:attachment":[{"href":"https:\/\/shaikhaabaya.com\/ar\/wp-json\/wp\/v2\/media?parent=1618"}],"wp:term":[{"taxonomy":"product_brand","embeddable":true,"href":"https:\/\/shaikhaabaya.com\/ar\/wp-json\/wp\/v2\/product_brand?post=1618"},{"taxonomy":"product_cat","embeddable":true,"href":"https:\/\/shaikhaabaya.com\/ar\/wp-json\/wp\/v2\/product_cat?post=1618"},{"taxonomy":"product_tag","embeddable":true,"href":"https:\/\/shaikhaabaya.com\/ar\/wp-json\/wp\/v2\/product_tag?post=1618"}],"curies":[{"name":"wp","href":"https:\/\/api.w.org\/{rel}","templated":true}]}}