{"id":1604,"date":"2024-11-28T11:51:46","date_gmt":"2024-11-28T10:51:46","guid":{"rendered":"https:\/\/shaikhaabaya.com\/?post_type=product&#038;p=1604"},"modified":"2025-04-27T11:35:26","modified_gmt":"2025-04-27T10:35:26","slug":"royal-krepp-abaya-mit-floralem-design","status":"publish","type":"product","link":"https:\/\/shaikhaabaya.com\/ar\/product\/royal-krepp-abaya-mit-floralem-design\/","title":{"rendered":"Royal Krepp-Abaya mit Floralem Design"},"content":{"rendered":"<p>Die Royal Krepp-Abaya besteht aus 100 % hochwertigem koreanischen Kreppstoff und wird als zweiteiliges Set geliefert, bestehend aus der Abaya und einem passenden Schal. Das florale Design an \u00c4rmeln und Saum verleiht diesem klassischen schwarzen Design einen Hauch von Eleganz. Perfekt f\u00fcr besondere Anl\u00e4sse und stilvolle Auftritte.<\/p>","protected":false},"excerpt":{"rendered":"<p>Die Royal Krepp-Abaya besteht aus 100 % hochwertigem koreanischen Kreppstoff und wird als zweiteiliges Set geliefert, bestehend aus der Abaya und einem passenden Schal. Das florale Design an \u00c4rmeln und Saum verleiht diesem klassischen schwarzen Design einen Hauch von Eleganz. Perfekt f\u00fcr besondere Anl\u00e4sse und stilvolle Auftritte.<\/p>","protected":false},"featured_media":1605,"comment_status":"closed","ping_status":"closed","template":"","meta":{"_gspb_post_css":""},"product_brand":[],"product_cat":[30],"product_tag":[90,91],"class_list":{"0":"post-1604","1":"product","2":"type-product","3":"status-publish","4":"has-post-thumbnail","6":"product_cat-premium-krepp-abayas","7":"product_tag-floralem-design","8":"product_tag-royal-krepp-abaya","10":"first","11":"outofstock","12":"taxable","13":"shipping-taxable","14":"purchasable","15":"product-type-variable"},"ct_brands":[],"jetpack_sharing_enabled":true,"_links":{"self":[{"href":"https:\/\/shaikhaabaya.com\/ar\/wp-json\/wp\/v2\/product\/1604","targetHints":{"allow":["GET"]}}],"collection":[{"href":"https:\/\/shaikhaabaya.com\/ar\/wp-json\/wp\/v2\/product"}],"about":[{"href":"https:\/\/shaikhaabaya.com\/ar\/wp-json\/wp\/v2\/types\/product"}],"replies":[{"embeddable":true,"href":"https:\/\/shaikhaabaya.com\/ar\/wp-json\/wp\/v2\/comments?post=1604"}],"wp:featuredmedia":[{"embeddable":true,"href":"https:\/\/shaikhaabaya.com\/ar\/wp-json\/wp\/v2\/media\/1605"}],"wp:attachment":[{"href":"https:\/\/shaikhaabaya.com\/ar\/wp-json\/wp\/v2\/media?parent=1604"}],"wp:term":[{"taxonomy":"product_brand","embeddable":true,"href":"https:\/\/shaikhaabaya.com\/ar\/wp-json\/wp\/v2\/product_brand?post=1604"},{"taxonomy":"product_cat","embeddable":true,"href":"https:\/\/shaikhaabaya.com\/ar\/wp-json\/wp\/v2\/product_cat?post=1604"},{"taxonomy":"product_tag","embeddable":true,"href":"https:\/\/shaikhaabaya.com\/ar\/wp-json\/wp\/v2\/product_tag?post=1604"}],"curies":[{"name":"wp","href":"https:\/\/api.w.org\/{rel}","templated":true}]}}