{"id":114,"date":"2023-10-12T09:58:42","date_gmt":"2023-10-12T09:58:42","guid":{"rendered":"https:\/\/startersites.io\/blocksy\/cosmetic\/?post_type=product&#038;p=114"},"modified":"2025-04-27T11:35:27","modified_gmt":"2025-04-27T10:35:27","slug":"lexus-ensemble-vollkommenheit","status":"publish","type":"product","link":"https:\/\/shaikhaabaya.com\/ar\/product\/lexus-ensemble-vollkommenheit\/","title":{"rendered":"Lexus Ensemble &#8222;Vollkommenheit&#8220;"},"content":{"rendered":"<p>Material: 100% Koreanischer Royal Lexus Krepp<br \/>\n3-teiliges Set: Abaya, wei\u00dfes Kleid &amp; Kopftuch<br \/>\nPreis: 85\u20ac<br \/>\nVerf\u00fcgbare Gr\u00f6\u00dfen:<br \/>\n2\u00d756<\/p>","protected":false},"excerpt":{"rendered":"<p>Material: 100% Koreanischer Royal Lexus Krepp<br \/>\n3-teiliges Set: Abaya, wei\u00dfes Kleid &amp; Kopftuch<br \/>\nPreis: 85\u20ac<br \/>\nVerf\u00fcgbare Gr\u00f6\u00dfen:<br \/>\n2\u00d756<\/p>","protected":false},"featured_media":1345,"comment_status":"open","ping_status":"closed","template":"","meta":{"_gspb_post_css":""},"product_brand":[],"product_cat":[30],"product_tag":[],"class_list":{"0":"post-114","1":"product","2":"type-product","3":"status-publish","4":"has-post-thumbnail","6":"product_cat-premium-krepp-abayas","8":"first","9":"outofstock","10":"taxable","11":"shipping-taxable","12":"purchasable","13":"product-type-variable"},"ct_brands":[],"jetpack_sharing_enabled":true,"_links":{"self":[{"href":"https:\/\/shaikhaabaya.com\/ar\/wp-json\/wp\/v2\/product\/114","targetHints":{"allow":["GET"]}}],"collection":[{"href":"https:\/\/shaikhaabaya.com\/ar\/wp-json\/wp\/v2\/product"}],"about":[{"href":"https:\/\/shaikhaabaya.com\/ar\/wp-json\/wp\/v2\/types\/product"}],"replies":[{"embeddable":true,"href":"https:\/\/shaikhaabaya.com\/ar\/wp-json\/wp\/v2\/comments?post=114"}],"wp:featuredmedia":[{"embeddable":true,"href":"https:\/\/shaikhaabaya.com\/ar\/wp-json\/wp\/v2\/media\/1345"}],"wp:attachment":[{"href":"https:\/\/shaikhaabaya.com\/ar\/wp-json\/wp\/v2\/media?parent=114"}],"wp:term":[{"taxonomy":"product_brand","embeddable":true,"href":"https:\/\/shaikhaabaya.com\/ar\/wp-json\/wp\/v2\/product_brand?post=114"},{"taxonomy":"product_cat","embeddable":true,"href":"https:\/\/shaikhaabaya.com\/ar\/wp-json\/wp\/v2\/product_cat?post=114"},{"taxonomy":"product_tag","embeddable":true,"href":"https:\/\/shaikhaabaya.com\/ar\/wp-json\/wp\/v2\/product_tag?post=114"}],"curies":[{"name":"wp","href":"https:\/\/api.w.org\/{rel}","templated":true}]}}