{"id":3,"date":"2024-11-04T14:25:15","date_gmt":"2024-11-04T14:25:15","guid":{"rendered":"http:\/\/shaikhaabaya.com\/?page_id=3"},"modified":"2025-06-07T07:14:49","modified_gmt":"2025-06-07T06:14:49","slug":"datenschutzerklarung","status":"publish","type":"page","link":"https:\/\/shaikhaabaya.com\/ar\/datenschutzerklarung\/","title":{"rendered":"Datenschutzerkl\u00e4rung"},"content":{"rendered":"<h1 class=\"wp-block-heading\" id=\"datenschutzerklarung\">Datenschutzerkl\u00e4rung<\/h1>\n\n\n\n<h2 class=\"wp-block-heading\" id=\"1-verantwortliche-stelle\">1. Verantwortliche Stelle<\/h2>\n\n\n\n<p>Shaikha Abaya<br>Karl-Marx-Platz 4<br>12043 Berlin<br>Deutschland<\/p>\n\n\n\n<p>\u0628\u0631\u064a\u062f \u0625\u0644\u0643\u062a\u0631\u0648\u0646\u064a: <a href=\"mailto:shaikha.abaya98@gmail.com\">shaikha.abaya98@gmail.com<\/a><br>Website: <a href=\"https:\/\/shaikhaabaya.com\/ar\/\">https:\/\/shaikhaabaya.com<\/a><\/p>\n\n\n\n<h2 class=\"wp-block-heading\" id=\"2-allgemeine-informationen\">2. Allgemeine Informationen<\/h2>\n\n\n\n<p>Der Schutz Ihrer pers\u00f6nlichen Daten ist uns ein wichtiges Anliegen. In dieser Datenschutzerkl\u00e4rung informieren wir Sie \u00fcber die Erhebung, Verarbeitung und Nutzung Ihrer Daten bei der Nutzung unserer Website.<\/p>\n\n\n\n<h2 class=\"wp-block-heading\" id=\"3-erhebung-und-verarbeitung-personenbezogener-daten\">3. Erhebung und Verarbeitung personenbezogener Daten<\/h2>\n\n\n\n<h3 class=\"wp-block-heading\" id=\"3-1-beim-besuch-der-website\">3.1 Beim Besuch der Website<\/h3>\n\n\n\n<ul class=\"wp-block-list\">\n<li>IP-Adresse (anonymisiert)<\/li>\n\n\n\n<li>Datum und Uhrzeit der Anfrage<\/li>\n\n\n\n<li>Browsertyp und Betriebssystem<\/li>\n\n\n\n<li>Besuchte Seiten<\/li>\n\n\n\n<li>Referrer URL<\/li>\n<\/ul>\n\n\n\n<p>Rechtsgrundlage: Art. 6 Abs. 1 lit. f DSGVO (berechtigtes Interesse)<\/p>\n\n\n\n<h3 class=\"wp-block-heading\" id=\"3-2-bei-bestellungen\">3.2 Bei Bestellungen<\/h3>\n\n\n\n<ul class=\"wp-block-list\">\n<li>Name<\/li>\n\n\n\n<li>Anschrift<\/li>\n\n\n\n<li>E-Mail-Adresse<\/li>\n\n\n\n<li>Telefonnummer (optional)<\/li>\n\n\n\n<li>Bestelldaten<\/li>\n<\/ul>\n\n\n\n<p>Rechtsgrundlage: Art. 6 Abs. 1 lit. b DSGVO (Vertragserf\u00fcllung)<\/p>\n\n\n\n<h3 class=\"wp-block-heading\" id=\"3-3-bei-newsletter-anmeldung\">3.3 Bei Newsletter-Anmeldung<\/h3>\n\n\n\n<ul class=\"wp-block-list\">\n<li>E-Mail-Adresse<\/li>\n\n\n\n<li>Name (optional)<\/li>\n<\/ul>\n\n\n\n<p>Rechtsgrundlage: Art. 6 Abs. 1 lit. a DSGVO (Einwilligung)<\/p>\n\n\n\n<h2 class=\"wp-block-heading\" id=\"4-cookies\">4. Cookies<\/h2>\n\n\n\n<p>Wir verwenden Cookies, um unsere Website benutzerfreundlich zu gestalten:<\/p>\n\n\n\n<h3 class=\"wp-block-heading\" id=\"4-1-notwendige-cookies\">4.1 Notwendige Cookies<\/h3>\n\n\n\n<ul class=\"wp-block-list\">\n<li>Warenkorb-Funktionalit\u00e4t<\/li>\n\n\n\n<li>Login-Status<\/li>\n\n\n\n<li>Spracheinstellungen<\/li>\n<\/ul>\n\n\n\n<h3 class=\"wp-block-heading\" id=\"4-2-analyse-cookies-nur-mit-ihrer-einwilligung\">4.2 Analyse-Cookies (nur mit Ihrer Einwilligung)<\/h3>\n\n\n\n<ul class=\"wp-block-list\">\n<li>Google Analytics<\/li>\n\n\n\n<li>Informationen zum Nutzungsverhalten<\/li>\n<\/ul>\n\n\n\n<h2 class=\"wp-block-heading\" id=\"5-ihre-rechte\">5. Ihre Rechte<\/h2>\n\n\n\n<ul class=\"wp-block-list\">\n<li>Auskunftsrecht (Art. 15 DSGVO)<\/li>\n\n\n\n<li>Recht auf Berichtigung (Art. 16 DSGVO)<\/li>\n\n\n\n<li>Recht auf L\u00f6schung (Art. 17 DSGVO)<\/li>\n\n\n\n<li>Recht auf Einschr\u00e4nkung der Verarbeitung (Art. 18 DSGVO)<\/li>\n\n\n\n<li>Recht auf Daten\u00fcbertragbarkeit (Art. 20 DSGVO)<\/li>\n\n\n\n<li>Widerspruchsrecht (Art. 21 DSGVO)<\/li>\n<\/ul>\n\n\n\n<h2 class=\"wp-block-heading\" id=\"6-datensicherheit\">6. Datensicherheit<\/h2>\n\n\n\n<p>Wir setzen technische und organisatorische Sicherheitsma\u00dfnahmen ein, um Ihre Daten gegen Manipulation, Verlust oder unberechtigten Zugriff zu sch\u00fctzen. <\/p>\n\n\n\n<h2 class=\"wp-block-heading\" id=\"7-weitergabe-von-daten\">7. Weitergabe von Daten<\/h2>\n\n\n\n<h3 class=\"wp-block-heading\" id=\"7-1-versanddienstleister\">7.1 Versanddienstleister<\/h3>\n\n\n\n<ul class=\"wp-block-list\">\n<li>Zur Zustellung Ihrer Bestellung<\/li>\n\n\n\n<li>\u00dcbermittlung von Name, Anschrift, ggf. Telefonnummer<\/li>\n<\/ul>\n\n\n\n<h3 class=\"wp-block-heading\" id=\"7-2-zahlungsdienstleister\">7.2 Zahlungsdienstleister<\/h3>\n\n\n\n<ul class=\"wp-block-list\">\n<li>Zur Abwicklung von Zahlungen<\/li>\n\n\n\n<li>\u00dcbermittlung der notwendigen Zahlungsdaten<\/li>\n<\/ul>\n\n\n\n<h2 class=\"wp-block-heading\" id=\"8-speicherdauer\">8. Speicherdauer<\/h2>\n\n\n\n<ul class=\"wp-block-list\">\n<li>Bestelldaten: 10 Jahre (gesetzliche Aufbewahrungspflicht)<\/li>\n\n\n\n<li>Newsletter-Anmeldungen: bis zum Widerruf<\/li>\n\n\n\n<li>Analyse-Daten: 14 Monate<\/li>\n<\/ul>\n\n\n\n<h2 class=\"wp-block-heading\" id=\"9-newsletter\">9. Newsletter<\/h2>\n\n\n\n<p>Der Newsletter-Versand erfolgt nur mit Ihrer Einwilligung. Sie k\u00f6nnen diese jederzeit widerrufen durch: &lt;!&#8211; \/wp:paragraph &#8211;&gt; &lt;!&#8211; wp:list &#8211;&gt;<\/p>\n\n\n\n<ul class=\"wp-block-list\">\n<li>Klick auf den Abmelde-Link im Newsletter<\/li>\n\n\n\n<li>E-Mail an <a href=\"mailto:shaikha.abaya98@gmail.com\">shaikha.abaya98@gmail.com<\/a><\/li>\n<\/ul>\n\n\n\n<h2 class=\"wp-block-heading\" id=\"10-kontakt-fur-datenschutzfragen\">10. Kontakt f\u00fcr Datenschutzfragen<\/h2>\n\n\n\n<p>Bei Fragen zum Datenschutz k\u00f6nnen Sie sich jederzeit an uns wenden:<\/p>\n\n\n\n<p>Shaikha Abaya<br>Karl-Marx-Platz 4<br>12043 Berlin<br>\u0628\u0631\u064a\u062f \u0625\u0644\u0643\u062a\u0631\u0648\u0646\u064a: <a href=\"mailto:shaikha.abaya98@gmail.com\">shaikha.abaya98@gmail.com<\/a><\/p>\n\n\n\n<h2 class=\"wp-block-heading\" id=\"11-anderungen-der-datenschutzerklarung\">11. \u00c4nderungen der Datenschutzerkl\u00e4rung<\/h2>\n\n\n\n<p>Wir behalten uns vor, diese Datenschutzerkl\u00e4rung bei Bedarf unter Beachtung der geltenden Datenschutzvorschriften anzupassen.<\/p>\n\n\n\n<p>Stand: November 2024<\/p>","protected":false},"excerpt":{"rendered":"<p>Datenschutzerkl\u00e4rung 1. Verantwortliche Stelle Shaikha AbayaKarl-Marx-Platz 412043 BerlinDeutschland E-Mail: shaikha.abaya98@gmail.comWebsite: https:\/\/shaikhaabaya.com 2. Allgemeine Informationen Der Schutz Ihrer pers\u00f6nlichen Daten ist uns ein wichtiges Anliegen. In dieser Datenschutzerkl\u00e4rung informieren wir Sie \u00fcber die Erhebung, Verarbeitung und Nutzung Ihrer Daten bei der Nutzung unserer Website. 3. Erhebung und Verarbeitung personenbezogener Daten 3.1 Beim Besuch der Website Rechtsgrundlage: [&hellip;]<\/p>","protected":false},"author":2,"featured_media":0,"parent":0,"menu_order":0,"comment_status":"closed","ping_status":"closed","template":"","meta":{"_gspb_post_css":"","footnotes":""},"class_list":["post-3","page","type-page","status-publish","hentry"],"blocksy_meta":[],"jetpack_sharing_enabled":true,"_links":{"self":[{"href":"https:\/\/shaikhaabaya.com\/ar\/wp-json\/wp\/v2\/pages\/3","targetHints":{"allow":["GET"]}}],"collection":[{"href":"https:\/\/shaikhaabaya.com\/ar\/wp-json\/wp\/v2\/pages"}],"about":[{"href":"https:\/\/shaikhaabaya.com\/ar\/wp-json\/wp\/v2\/types\/page"}],"author":[{"embeddable":true,"href":"https:\/\/shaikhaabaya.com\/ar\/wp-json\/wp\/v2\/users\/2"}],"replies":[{"embeddable":true,"href":"https:\/\/shaikhaabaya.com\/ar\/wp-json\/wp\/v2\/comments?post=3"}],"version-history":[{"count":9,"href":"https:\/\/shaikhaabaya.com\/ar\/wp-json\/wp\/v2\/pages\/3\/revisions"}],"predecessor-version":[{"id":3183,"href":"https:\/\/shaikhaabaya.com\/ar\/wp-json\/wp\/v2\/pages\/3\/revisions\/3183"}],"wp:attachment":[{"href":"https:\/\/shaikhaabaya.com\/ar\/wp-json\/wp\/v2\/media?parent=3"}],"curies":[{"name":"wp","href":"https:\/\/api.w.org\/{rel}","templated":true}]}}