{"id":1576,"date":"2024-11-19T08:33:39","date_gmt":"2024-11-19T07:33:39","guid":{"rendered":"https:\/\/shaikhaabaya.com\/?page_id=1576"},"modified":"2025-03-06T22:34:35","modified_gmt":"2025-03-06T21:34:35","slug":"versand-lieferung","status":"publish","type":"page","link":"https:\/\/shaikhaabaya.com\/ar\/versand-lieferung\/","title":{"rendered":"Versand &amp; Lieferung"},"content":{"rendered":"<p><strong>Stand: M\u00e4rz 2025<\/strong><\/p>\n\n\n\n<ul class=\"wp-block-list\">\n<li><strong>Deutschland:<\/strong> Versandkosten betragen <strong>9,52 \u20ac<\/strong>.<\/li>\n\n\n\n<li><strong>EU-L\u00e4nder:<\/strong> Versandkosten betragen <strong>20 \u20ac<\/strong>. Es gibt keinen kostenlosen Versand.<\/li>\n\n\n\n<li><strong>Lieferzeit:<\/strong> Bestellungen werden innerhalb von <strong>3-5 Werktagen<\/strong> bearbeitet und versandt.<\/li>\n<\/ul>\n\n\n\n<hr class=\"wp-block-separator has-alpha-channel-opacity\"\/>\n\n\n\n<h3 class=\"wp-block-heading\" id=\"shipping-delivery\"><strong>Shipping &amp; Delivery<\/strong><\/h3>\n\n\n\n<ul class=\"wp-block-list\">\n<li><strong>Germany:<\/strong> Shipping costs are <strong>\u20ac9.52<\/strong>.<\/li>\n\n\n\n<li><strong>EU countries:<\/strong> Shipping costs are <strong>\u20ac20<\/strong>. Free shipping is <strong>not available<\/strong>.<\/li>\n\n\n\n<li><strong>Delivery Time:<\/strong> Orders are processed and shipped within <strong>3-5 business days<\/strong>.<\/li>\n<\/ul>\n\n\n\n<hr class=\"wp-block-separator has-alpha-channel-opacity\"\/>\n\n\n\n<h3 class=\"wp-block-heading\" id=\"expedition-livraison\"><strong>Exp\u00e9dition &amp; Livraison<\/strong><\/h3>\n\n\n\n<ul class=\"wp-block-list\">\n<li><strong>Allemagne:<\/strong> Les frais de livraison sont de <strong>9,52 \u20ac<\/strong>.<\/li>\n\n\n\n<li><strong>Pays de l\u2019UE:<\/strong> Les frais de livraison sont de <strong>20 \u20ac<\/strong>. La livraison gratuite <strong>n\u2019est pas disponible<\/strong>.<\/li>\n\n\n\n<li><strong>D\u00e9lais de livraison:<\/strong> Les commandes sont trait\u00e9es et exp\u00e9di\u00e9es sous <strong>3 \u00e0 5 jours ouvrables<\/strong>.<\/li>\n<\/ul>\n\n\n\n<hr class=\"wp-block-separator has-alpha-channel-opacity\"\/>\n\n\n\n<h3 class=\"wp-block-heading\" id=\"\u0627\u0644\u0634\u062d\u0646-\u0648\u0627\u0644\u062a\u0648\u0635\u064a\u0644\"><strong>\u0627\u0644\u0634\u062d\u0646 \u0648\u0627\u0644\u062a\u0648\u0635\u064a\u0644<\/strong><\/h3>\n\n\n\n<ul class=\"wp-block-list\">\n<li><strong>\u0623\u0644\u0645\u0627\u0646\u064a\u0627:<\/strong> \u062a\u0643\u0627\u0644\u064a\u0641 \u0627\u0644\u0634\u062d\u0646 <strong>9.52 \u064a\u0648\u0631\u0648<\/strong>.<\/li>\n\n\n\n<li><strong>\u062f\u0648\u0644 \u0627\u0644\u0627\u062a\u062d\u0627\u062f \u0627\u0644\u0623\u0648\u0631\u0648\u0628\u064a:<\/strong> \u062a\u0643\u0627\u0644\u064a\u0641 \u0627\u0644\u0634\u062d\u0646 <strong>20 \u064a\u0648\u0631\u0648<\/strong>. \u0627\u0644\u0634\u062d\u0646 \u0627\u0644\u0645\u062c\u0627\u0646\u064a <strong>\u063a\u064a\u0631 \u0645\u062a\u0648\u0641\u0631<\/strong>.<\/li>\n\n\n\n<li><strong>\u0645\u062f\u0629 \u0627\u0644\u062a\u0648\u0635\u064a\u0644:<\/strong> \u064a\u062a\u0645 \u062a\u062c\u0647\u064a\u0632 \u0627\u0644\u0637\u0644\u0628\u0627\u062a \u0648\u0634\u062d\u0646\u0647\u0627 \u062e\u0644\u0627\u0644 <strong>3-5 \u0623\u064a\u0627\u0645 \u0639\u0645\u0644<\/strong>.<\/li>\n<\/ul>","protected":false},"excerpt":{"rendered":"<p>Stand: M\u00e4rz 2025 Shipping &amp; Delivery Exp\u00e9dition &amp; Livraison \u0627\u0644\u0634\u062d\u0646 \u0648\u0627\u0644\u062a\u0648\u0635\u064a\u0644<\/p>","protected":false},"author":2991,"featured_media":0,"parent":0,"menu_order":0,"comment_status":"closed","ping_status":"closed","template":"","meta":{"_gspb_post_css":"","footnotes":""},"class_list":["post-1576","page","type-page","status-publish","hentry"],"blocksy_meta":[],"jetpack_sharing_enabled":true,"_links":{"self":[{"href":"https:\/\/shaikhaabaya.com\/ar\/wp-json\/wp\/v2\/pages\/1576","targetHints":{"allow":["GET"]}}],"collection":[{"href":"https:\/\/shaikhaabaya.com\/ar\/wp-json\/wp\/v2\/pages"}],"about":[{"href":"https:\/\/shaikhaabaya.com\/ar\/wp-json\/wp\/v2\/types\/page"}],"author":[{"embeddable":true,"href":"https:\/\/shaikhaabaya.com\/ar\/wp-json\/wp\/v2\/users\/2991"}],"replies":[{"embeddable":true,"href":"https:\/\/shaikhaabaya.com\/ar\/wp-json\/wp\/v2\/comments?post=1576"}],"version-history":[{"count":5,"href":"https:\/\/shaikhaabaya.com\/ar\/wp-json\/wp\/v2\/pages\/1576\/revisions"}],"predecessor-version":[{"id":2397,"href":"https:\/\/shaikhaabaya.com\/ar\/wp-json\/wp\/v2\/pages\/1576\/revisions\/2397"}],"wp:attachment":[{"href":"https:\/\/shaikhaabaya.com\/ar\/wp-json\/wp\/v2\/media?parent=1576"}],"curies":[{"name":"wp","href":"https:\/\/api.w.org\/{rel}","templated":true}]}}