{"id":1306,"date":"2024-11-06T15:20:07","date_gmt":"2024-11-06T14:20:07","guid":{"rendered":"https:\/\/shaikhaabaya.com\/agb\/"},"modified":"2025-10-03T12:27:52","modified_gmt":"2025-10-03T11:27:52","slug":"agb-widerrufsbelehrung","status":"publish","type":"page","link":"https:\/\/shaikhaabaya.com\/ar\/agb-widerrufsbelehrung\/","title":{"rendered":"AGB &amp; Widerrufsbelehrung \u2013 Shaikha Abaya"},"content":{"rendered":"<ol class=\"wp-block-list\">\n<li><strong>Allgemeine Gesch\u00e4ftsbedingungen (AGB)<\/strong><br>Diese Allgemeinen Gesch\u00e4ftsbedingungen (AGB) gelten f\u00fcr alle Bestellungen, die \u00fcber den<br>Online-Shop www.shaikhaabaya.com bei Miriam El Hussein (Shaikha Abaya) get\u00e4tigt<br>werden.<br>Vertragspartner: Miriam El Hussein, Karl-Marx-Platz 4, 12043 Berlin, Deutschland<br>E-Mail: shaikhabayaa@gmail.com<br>Mit dem Absenden einer Bestellung erkennen Sie die AGB in ihrer zum Zeitpunkt der<br>Bestellung g\u00fcltigen Fassung an.<\/li>\n\n\n\n<li><strong>R\u00fcckgabe &amp; Umtausch<\/strong><br>Bitte beachten Sie, dass ein Umtausch der Ware nicht m\u00f6glich ist. Auch reduzierte Artikel<br>oder Angebote sind von R\u00fcckgabe und Umtausch ausgeschlossen. Wir bitten Sie daher, Ihre<br>Bestellung sorgf\u00e4ltig zu pr\u00fcfen.<\/li>\n\n\n\n<li><strong>Widerrufsrecht (nach \u00a7 355 BGB)<\/strong><br>Als Verbraucherin haben Sie das Recht, binnen 14 Tagen ohne Angabe von Gr\u00fcnden diesen<br>Vertrag zu widerrufen.<br>Die Widerrufsfrist betr\u00e4gt 14 Tage ab dem Tag, an dem Sie oder ein von Ihnen benannter<br>Dritter die Ware in Besitz genommen haben.<br>Um Ihr Widerrufsrecht auszu\u00fcben, m\u00fcssen Sie mir (Miriam El Hussein, Karl-Marx-Platz 4,<br>12043 Berlin, E-Mail: shaikhabayaa@gmail.com) mittels einer eindeutigen Erkl\u00e4rung (z. B.<br>per E-Mail) \u00fcber Ihren Entschluss, diesen Vertrag zu widerrufen, informieren.<\/li>\n\n\n\n<li><strong>Folgen des Widerrufs<\/strong><br>4.1 R\u00fcckzahlungsfrist<br>Wenn Sie diesen Vertrag widerrufen, erhalten Sie alle Zahlungen, die Sie geleistet haben, mit<br>Ausnahme der Lieferkosten, unverz\u00fcglich und sp\u00e4testens binnen 14 Tagen ab dem Tag<br>zur\u00fcck, an dem die Mitteilung \u00fcber Ihren Widerruf bei mir eingegangen ist.<br>4.2 R\u00fccksendung<br>Ich kann die R\u00fcckzahlung verweigern, bis ich die Ware zur\u00fcckerhalten habe oder Sie den<br>Nachweis erbracht haben, dass Sie die Ware zur\u00fcckgesandt haben \u2013 je nachdem, welches<br>der fr\u00fchere Zeitpunkt ist. Die unmittelbaren Kosten der R\u00fccksendung tr\u00e4gt die K\u00e4uferin.<br>4.3 Zustand der Ware<br>R\u00fcckgaben sind nur m\u00f6glich, wenn sich die Ware im originalen, ungetragenen Zustand<br>befindet, vollst\u00e4ndig, mit unbesch\u00e4digter Verpackung und befestigtem Etikett. Die R\u00fcckgabe<br>bereits getragenen oder benutzten Artikels ist ausgeschlossen. Bitte beachten Sie, dass<br>entfernte oder besch\u00e4digte Etiketten als Zeichen f\u00fcr Nutzung gelten und damit eine<br>R\u00fcckgabe ausschlie\u00dfen, da sie die Pr\u00fcfung des ungetragenen Zustands unm\u00f6glich machen.<\/li>\n\n\n\n<li><strong>Ausschluss des Widerrufsrechts<\/strong><br>Ein Widerrufsrecht besteht nicht bei Vertr\u00e4gen zur Lieferung von Waren, die nicht<br>vorgefertigt sind und f\u00fcr deren Herstellung eine individuelle Auswahl oder Bestimmung<br>durch die Verbraucherin ma\u00dfgeblich ist oder die eindeutig auf die pers\u00f6nlichen Bed\u00fcrfnisse<br>zugeschnitten sind (z. B. Ma\u00dfanfertigungen). Diese werden bei Shaikha Abaya derzeit nicht<br>angeboten.<\/li>\n<\/ol>\n\n<div class=\"woocommerce woocommerce-gzd woocommerce-gzd-complaints-shortcode\">\n\t\t\t<h3>Alternative Dispute Resolution in accordance with Art. 14 (1) ODR-VO and \u00a7 36 VSBG:<\/h3>\n\t\nZur Teilnahme an einem Streitbeilegungsverfahren vor einer Verbraucherschlichtungsstelle sind wir nicht verpflichtet und nicht bereit.<\/div>","protected":false},"excerpt":{"rendered":"","protected":false},"author":2,"featured_media":0,"parent":0,"menu_order":0,"comment_status":"closed","ping_status":"closed","template":"","meta":{"_gspb_post_css":"","footnotes":""},"class_list":["post-1306","page","type-page","status-publish","hentry"],"blocksy_meta":[],"jetpack_sharing_enabled":true,"_links":{"self":[{"href":"https:\/\/shaikhaabaya.com\/ar\/wp-json\/wp\/v2\/pages\/1306","targetHints":{"allow":["GET"]}}],"collection":[{"href":"https:\/\/shaikhaabaya.com\/ar\/wp-json\/wp\/v2\/pages"}],"about":[{"href":"https:\/\/shaikhaabaya.com\/ar\/wp-json\/wp\/v2\/types\/page"}],"author":[{"embeddable":true,"href":"https:\/\/shaikhaabaya.com\/ar\/wp-json\/wp\/v2\/users\/2"}],"replies":[{"embeddable":true,"href":"https:\/\/shaikhaabaya.com\/ar\/wp-json\/wp\/v2\/comments?post=1306"}],"version-history":[{"count":5,"href":"https:\/\/shaikhaabaya.com\/ar\/wp-json\/wp\/v2\/pages\/1306\/revisions"}],"predecessor-version":[{"id":3269,"href":"https:\/\/shaikhaabaya.com\/ar\/wp-json\/wp\/v2\/pages\/1306\/revisions\/3269"}],"wp:attachment":[{"href":"https:\/\/shaikhaabaya.com\/ar\/wp-json\/wp\/v2\/media?parent=1306"}],"curies":[{"name":"wp","href":"https:\/\/api.w.org\/{rel}","templated":true}]}}